{"id":86,"date":"2017-05-08T13:40:43","date_gmt":"2017-05-08T13:40:43","guid":{"rendered":"http:\/\/zzfoundation.pl\/?page_id=86"},"modified":"2026-01-17T19:36:04","modified_gmt":"2026-01-17T17:36:04","slug":"szkolenia","status":"publish","type":"page","link":"https:\/\/zofiazamenhof.pl\/?page_id=86","title":{"rendered":"Szkolenia"},"content":{"rendered":"<p><\/p>\n<h3><strong>Szkolenia<\/strong><\/h3>\n<h3>\nFundacja im. Zofii Zamenhoff<\/h3>\n<p>Uczciwo\u015b\u0107 i zaufanie<\/p>\n<p>W naszej ofercie znajduj\u0105 si\u0119 szkolenia realizowane na zlecenie podmiot\u00f3w gospodarczych oraz instytucji publicznych.<\/p>\n<p>Przed realizacj\u0105 zlecenia przeprowadzamy dok\u0142adn\u0105 analiz\u0119 potrzeb edukacyjnych, co pozwala nam precyzyjnie okre\u015bli\u0107 oczekiwania klienta. Dzi\u0119ki tej analizie opracowujemy program szkolenia, kt\u00f3ry po akceptacji przez klienta stanowi podstaw\u0119 naszych szkole\u0144.<\/p>\n<p>Szkolenia podmiot\u00f3w gospodarczych realizujemy w siedzibie klienta lub o\u015brodkach szkoleniowych w Polsce. Oferujemy r\u00f3wnie\u017c dodatkowe udogodnienia (noclegi, wy\u017cywienie, imprezy integracyjne i inne atrakcje).<\/p>\n<p>Tematyka realizowanych przez nas szkole\u0144:<\/p>\n<p>Zarz\u0105dzanie organizacj\u0105<br \/>\nZarz\u0105dzanie zasobami ludzkimi<br \/>\nFinanse i ksi\u0119gowo\u015b\u0107<br \/>\nMarketing, sprzeda\u017c i obs\u0142uga klienta<br \/>\nUmiej\u0119tno\u015bci mened\u017cerskie<br \/>\nSymulacje mened\u017cerskie<br \/>\nPrawo i podatki<br \/>\nFundusze europejskie<br \/>\nZarz\u0105dzanie projektami<br \/>\nRynek pracy<br \/>\nTechnologie informacyjno-komunikacyjne<\/p>","protected":false},"excerpt":{"rendered":"<p>Szkolenia Fundacja im. Zofii Zamenhoff Uczciwo\u015b\u0107 i zaufanie W naszej ofercie znajduj\u0105 si\u0119 szkolenia realizowane na zlecenie podmiot\u00f3w gospodarczych oraz instytucji publicznych. Przed realizacj\u0105 zlecenia przeprowadzamy dok\u0142adn\u0105 analiz\u0119 potrzeb edukacyjnych, co pozwala nam precyzyjnie okre\u015bli\u0107 oczekiwania klienta. Dzi\u0119ki tej analizie opracowujemy program szkolenia, kt\u00f3ry po akceptacji przez klienta stanowi podstaw\u0119 naszych szkole\u0144. Szkolenia podmiot\u00f3w gospodarczych &hellip; <a href=\"https:\/\/zofiazamenhof.pl\/?page_id=86\" class=\"more-link\">Czytaj dalej <span class=\"screen-reader-text\">Szkolenia<\/span> <span class=\"meta-nav\">&rarr;<\/span><\/a><\/p>\n","protected":false},"author":1,"featured_media":0,"parent":0,"menu_order":0,"comment_status":"closed","ping_status":"closed","template":"","meta":{"footnotes":""},"class_list":["post-86","page","type-page","status-publish","hentry"],"_links":{"self":[{"href":"https:\/\/zofiazamenhof.pl\/index.php?rest_route=\/wp\/v2\/pages\/86","targetHints":{"allow":["GET"]}}],"collection":[{"href":"https:\/\/zofiazamenhof.pl\/index.php?rest_route=\/wp\/v2\/pages"}],"about":[{"href":"https:\/\/zofiazamenhof.pl\/index.php?rest_route=\/wp\/v2\/types\/page"}],"author":[{"embeddable":true,"href":"https:\/\/zofiazamenhof.pl\/index.php?rest_route=\/wp\/v2\/users\/1"}],"replies":[{"embeddable":true,"href":"https:\/\/zofiazamenhof.pl\/index.php?rest_route=%2Fwp%2Fv2%2Fcomments&post=86"}],"version-history":[{"count":3,"href":"https:\/\/zofiazamenhof.pl\/index.php?rest_route=\/wp\/v2\/pages\/86\/revisions"}],"predecessor-version":[{"id":739,"href":"https:\/\/zofiazamenhof.pl\/index.php?rest_route=\/wp\/v2\/pages\/86\/revisions\/739"}],"wp:attachment":[{"href":"https:\/\/zofiazamenhof.pl\/index.php?rest_route=%2Fwp%2Fv2%2Fmedia&parent=86"}],"curies":[{"name":"wp","href":"https:\/\/api.w.org\/{rel}","templated":true}]}}