{"id":66,"date":"2015-07-17T19:51:50","date_gmt":"2015-07-17T19:51:50","guid":{"rendered":"http:\/\/zzfoundation.pl\/?page_id=66"},"modified":"2025-09-18T20:36:42","modified_gmt":"2025-09-18T18:36:42","slug":"kontakt","status":"publish","type":"page","link":"https:\/\/zofiazamenhof.pl\/?page_id=66","title":{"rendered":"Kontakt"},"content":{"rendered":"<p><\/p>\n<div><strong>Fundacja im. Zofii Zamenhof<\/strong><\/div>\n<div><\/div>\n<div>ul. Mazowiecka 11 lokal 49,\u00a000-052 Warszawa<\/div>\n<blockquote>\n<div><\/div>\n<\/blockquote>\n<div><img loading=\"lazy\" decoding=\"async\" class=\"alignnone size-medium wp-image-590\" src=\"https:\/\/zofiazamenhof.pl\/wp-content\/uploads\/2024\/03\/cropped-logo-FZZ-jpg-300x300.png\" alt=\"\" width=\"300\" height=\"300\" srcset=\"https:\/\/zofiazamenhof.pl\/wp-content\/uploads\/2024\/03\/cropped-logo-FZZ-jpg-300x300.png 300w, https:\/\/zofiazamenhof.pl\/wp-content\/uploads\/2024\/03\/cropped-logo-FZZ-jpg-150x150.png 150w, https:\/\/zofiazamenhof.pl\/wp-content\/uploads\/2024\/03\/cropped-logo-FZZ-jpg-270x270.png 270w, https:\/\/zofiazamenhof.pl\/wp-content\/uploads\/2024\/03\/cropped-logo-FZZ-jpg-192x192.png 192w, https:\/\/zofiazamenhof.pl\/wp-content\/uploads\/2024\/03\/cropped-logo-FZZ-jpg-180x180.png 180w, https:\/\/zofiazamenhof.pl\/wp-content\/uploads\/2024\/03\/cropped-logo-FZZ-jpg-32x32.png 32w, https:\/\/zofiazamenhof.pl\/wp-content\/uploads\/2024\/03\/cropped-logo-FZZ-jpg.png 512w\" sizes=\"auto, (max-width: 300px) 100vw, 300px\" \/><\/div>\n<div><\/div>\n<p>&nbsp;<\/p>\n<p><strong>Zbigniew D\u0105browski &#8211; Prezes Zarz\u0105du Fundacji<\/strong><br \/>\n<a href=\"mailto:zbigniew.dabrowski@zofiazamenhof.pl\">zbigniew.dabrowski@zofiazamenhof.pl<\/a><br \/>\ntel. +48 604 997 656<\/p>\n<p><strong>Wojciech Duranowski &#8211; Wiceprezes Zarz\u0105du ds. strategii i wsp\u00f3\u0142pracy mi\u0119dzynarodowej<\/strong><br \/>\n<a href=\"mailto:wduranowski@gmail.com\">wduranowski@gmail.com<\/a><br \/>\ntel. +48 798 430 769<\/p>\n<p><strong>Katarzyna Kolasa &#8211; Biuro Fundacji<\/strong><br \/>\n<a href=\"mailto:biuro@zofiazamenhof.pl\">biuro@zofiazamenhof.pl<\/a><\/p>\n<p><strong>Rafa\u0142 Flaga &#8211; Ekspert ds. rozwoju przedsi\u0119biorczo\u015bci<br \/>\n<\/strong><a href=\"mailto:rafal.flaga@gmail.com\">rafal.flaga@gmail.com<\/a><\/p>\n<p><strong>Bartosz <\/strong><strong>G\u00f3ras &#8211; Koordynator projekt\u00f3w ekologicznych i zdrowotnych <\/strong><a href=\"mailto:bartosz.goras96@gmail.com\">bartosz.goras96@gmail.com<\/a><\/p>\n<div><\/div>\n<p>&nbsp;<\/p>\n<p>&nbsp;<\/p>\n<p>&nbsp;<\/p>\n<p>&nbsp;<\/p>","protected":false},"excerpt":{"rendered":"<p>Fundacja im. Zofii Zamenhof ul. Mazowiecka 11 lokal 49,\u00a000-052 Warszawa &nbsp; Zbigniew D\u0105browski &#8211; Prezes Zarz\u0105du Fundacji zbigniew.dabrowski@zofiazamenhof.pl tel. +48 604 997 656 Wojciech Duranowski &#8211; Wiceprezes Zarz\u0105du ds. strategii i wsp\u00f3\u0142pracy mi\u0119dzynarodowej wduranowski@gmail.com tel. +48 798 430 769 Katarzyna Kolasa &#8211; Biuro Fundacji biuro@zofiazamenhof.pl Rafa\u0142 Flaga &#8211; Ekspert ds. rozwoju przedsi\u0119biorczo\u015bci rafal.flaga@gmail.com Bartosz G\u00f3ras &hellip; <a href=\"https:\/\/zofiazamenhof.pl\/?page_id=66\" class=\"more-link\">Czytaj dalej <span class=\"screen-reader-text\">Kontakt<\/span> <span class=\"meta-nav\">&rarr;<\/span><\/a><\/p>\n","protected":false},"author":1,"featured_media":0,"parent":0,"menu_order":0,"comment_status":"closed","ping_status":"open","template":"","meta":{"footnotes":""},"class_list":["post-66","page","type-page","status-publish","hentry"],"_links":{"self":[{"href":"https:\/\/zofiazamenhof.pl\/index.php?rest_route=\/wp\/v2\/pages\/66","targetHints":{"allow":["GET"]}}],"collection":[{"href":"https:\/\/zofiazamenhof.pl\/index.php?rest_route=\/wp\/v2\/pages"}],"about":[{"href":"https:\/\/zofiazamenhof.pl\/index.php?rest_route=\/wp\/v2\/types\/page"}],"author":[{"embeddable":true,"href":"https:\/\/zofiazamenhof.pl\/index.php?rest_route=\/wp\/v2\/users\/1"}],"replies":[{"embeddable":true,"href":"https:\/\/zofiazamenhof.pl\/index.php?rest_route=%2Fwp%2Fv2%2Fcomments&post=66"}],"version-history":[{"count":56,"href":"https:\/\/zofiazamenhof.pl\/index.php?rest_route=\/wp\/v2\/pages\/66\/revisions"}],"predecessor-version":[{"id":737,"href":"https:\/\/zofiazamenhof.pl\/index.php?rest_route=\/wp\/v2\/pages\/66\/revisions\/737"}],"wp:attachment":[{"href":"https:\/\/zofiazamenhof.pl\/index.php?rest_route=%2Fwp%2Fv2%2Fmedia&parent=66"}],"curies":[{"name":"wp","href":"https:\/\/api.w.org\/{rel}","templated":true}]}}