{"id":44,"date":"2015-07-17T19:00:17","date_gmt":"2015-07-17T19:00:17","guid":{"rendered":"http:\/\/zzfoundation.pl\/?page_id=44"},"modified":"2019-03-25T17:00:11","modified_gmt":"2019-03-25T17:00:11","slug":"historia","status":"publish","type":"page","link":"https:\/\/zofiazamenhof.pl\/?page_id=44","title":{"rendered":"Archiwum"},"content":{"rendered":"<p><\/p>\n<div class=\"subtitle\">\n<p>Rozw\u00f3j i edukacja<\/p>\n<\/div>\n<p><strong>Przygotowuj\u0105c si\u0119 merytorycznie do powo\u0142ania oraz do prowadzenia dzia\u0142alno\u015bci Fundacji im. Zofii Zamenhof za\u0142o\u017cyciele Fundacji brali udzia\u0142 w nast\u0119puj\u0105cych szkoleniach i konferencjach:<\/strong><\/p>\n<p>Warsztaty \u201ePodstawy rozliczania projekt\u00f3w w ramach konkurs\u00f3w PO WER\u201d, kt\u00f3re odby\u0142y si\u0119 w dniu 25.02.2019 w Warsaw Marriott Hotel, Warszawa<\/p>\n<p>Seminarium &#8222;Rola uczelni wy\u017cszych w programie unijnym Partnerstwo Wschodnie&#8221; oraz warsztaty dla go\u015bci z Irlandii i Ukrainy,\u00a0 stycze\u0144 2019 Warszawa<\/p>\n<p>Konferencja PARP pt. REGIONALNE SYSTEMY INNOWACJI W POLSCE ? do\u015bwiadczenia i perspektywy, kt\u00f3ra odby\u0142a si\u0119 8 lutego 2013 r. w Warszawie<br \/>\nKonferencja po\u015bwi\u0119conej wdra\u017caniu Wytycznych ONZ ds. Biznesu i Praw Cz\u0142owieka, kt\u00f3ra odby\u0142a 25.01.2013 r. w Ministerstwie Gospodarki w Warszawie<\/p>\n<p>Mi\u0119dzynarodowa Konferencja Partnerstwa Wschodniego \u201eWschodni wymiar mobilno\u015bci\u201d<br \/>\nCentrum Nauki Kopernik , 6 i 7 lipca 2011 Warszawa<\/p>\n<p>Seminarium &#8222;Wschodni wymiar polityki UE. Wyzwania dla polskiej prezydencji w\u00a0Radzie UE&#8221; organizowane przez fundacj\u0119 im. Heinrich B\u00f6lla, Warszawa 18 III 2010<\/p>\n<p>Mi\u0119dzynarodowa Konferencja &#8222;Us\u0142ugi Spo\u0142eczne dla os\u00f3b niepe\u0142nosprawnych&#8221;<br \/>\norganizowana przez WSP TWP, Warszawa 17-18 III 2010<\/p>\n<p>Konferencja regionalna nt. Funduszy Europejskich na Mazowszu oraz realizacji\u00a0Programu Operacyjnego Kapita\u0142 Ludzki &#8211; organizowana przez Stowarzyszenie Boris i\u00a0Sie\u0107 Splot, Warszawa 18 III 2010<\/p>\n<p>Szkolenie w zakresie &#8222;Wymiana m\u0142odzie\u017cy&#8221; zorganizowane przez Narodow\u0105 Agencj\u0119\u00a0Programu &#8211; warsztaty i szkolenie Warszawa, 25-28 II 2010<\/p>\n<p>Seminarium informacyjne w ramach projektu &#8222;Euro na kultur\u0119&#8221; &#8211; szkolenie i\u00a0warsztaty organizowane przez Stowarzyszenie Amicus i Ministerstwo Dziedzictwa\u00a0Narodowego i Kultury, Serock 15-16 II 2010<\/p>\n<p>Szkolenie &#8222;Prowadzenie dzia\u0142alno\u015bci gospodarczej przez organizacje pozarz\u0105dowe&#8221;\u00a0organizowane przez Stowarzyszenie Boris w ramach EFS i PO KL Narodowa Strategia\u00a0Sp\u00f3jno\u015bci, Warszawa 11 II 2010<\/p>\n<p>Wyk\u0142ad &#8222;Mo\u017cliwo\u015bci wsp\u00f3\u0142pracy organizacji pozarz\u0105dowych z m.st. Warszawa w\u00a0zakresie wsp\u00f3lnej realizacji projekt\u00f3w finansowanych ze \u015brodk\u00f3w europejskich&#8221; &#8211;\u00a0szkolenie w Centrum Doradczym Eurodotacje, Warszawa 3 II 2010<\/p>\n<p>Szkolenie &#8222;Program M\u0142odzie\u017c w dzia\u0142aniu &#8211; Jak pisa\u0107 projekty i pozyskiwa\u0107 \u015brodki z\u00a0programu &#8221; organizowane przez Centrum Edukacji i Inicjatyw Kulturalnych w\u00a0Olsztynie, 29 &#8211; 30 stycznia 2010 r. \u00a0Olsztyn<\/p>\n<p>Spotkanie informacyjno &#8211; promocyjne Warsztaty GRUNTVIGA programu\u00a0GRUNDTVIG Fundacja Rozwoju Systemu Edukacji, Warszawa 15 stycznia 2010<\/p>\n<p>Seminarium tematyczne programu Grundtvig, organizowane przez Fundacj\u0119 Rozwoju\u00a0System\u00f3w Edukacji, Warszawa 11 I 2010<\/p>\n<p>Konferencja Go-East &#8222;Kultura i Spo\u0142ecze\u0144stwo Obywatelskie. Partnerstwo\u00a0Wschodnie w praktyce&#8221; &#8211; konferencja organizowana przez Instytut Adama\u00a0Mickiewicza, Warszawa 11-12 XII 2009<\/p>\n<p>\u201eTworzenie i realizacja projekt\u00f3w innowacyjnych i ponadnarodowych\u201d &#8211; szkolenie EFS,\u00a0Warszawa 1 XII 2009<\/p>\n<p>Szkolenie &#8222;Przygotowanie bud\u017cetu projektu wsp\u00f3\u0142finansowanego ze \u015brodk\u00f3w unijnych&#8221; organizowane przez EFS i Urz\u0105d Miasta Sto\u0142ecznego, Warszawa 26 XI 2009.<\/p>","protected":false},"excerpt":{"rendered":"<p>Rozw\u00f3j i edukacja Przygotowuj\u0105c si\u0119 merytorycznie do powo\u0142ania oraz do prowadzenia dzia\u0142alno\u015bci Fundacji im. Zofii Zamenhof za\u0142o\u017cyciele Fundacji brali udzia\u0142 w nast\u0119puj\u0105cych szkoleniach i konferencjach: Warsztaty \u201ePodstawy rozliczania projekt\u00f3w w ramach konkurs\u00f3w PO WER\u201d, kt\u00f3re odby\u0142y si\u0119 w dniu 25.02.2019 w Warsaw Marriott Hotel, Warszawa Seminarium &#8222;Rola uczelni wy\u017cszych w programie unijnym Partnerstwo Wschodnie&#8221; oraz &hellip; <a href=\"https:\/\/zofiazamenhof.pl\/?page_id=44\" class=\"more-link\">Czytaj dalej <span class=\"screen-reader-text\">Archiwum<\/span> <span class=\"meta-nav\">&rarr;<\/span><\/a><\/p>\n","protected":false},"author":1,"featured_media":0,"parent":0,"menu_order":0,"comment_status":"closed","ping_status":"open","template":"","meta":{"footnotes":""},"class_list":["post-44","page","type-page","status-publish","hentry"],"_links":{"self":[{"href":"https:\/\/zofiazamenhof.pl\/index.php?rest_route=\/wp\/v2\/pages\/44","targetHints":{"allow":["GET"]}}],"collection":[{"href":"https:\/\/zofiazamenhof.pl\/index.php?rest_route=\/wp\/v2\/pages"}],"about":[{"href":"https:\/\/zofiazamenhof.pl\/index.php?rest_route=\/wp\/v2\/types\/page"}],"author":[{"embeddable":true,"href":"https:\/\/zofiazamenhof.pl\/index.php?rest_route=\/wp\/v2\/users\/1"}],"replies":[{"embeddable":true,"href":"https:\/\/zofiazamenhof.pl\/index.php?rest_route=%2Fwp%2Fv2%2Fcomments&post=44"}],"version-history":[{"count":8,"href":"https:\/\/zofiazamenhof.pl\/index.php?rest_route=\/wp\/v2\/pages\/44\/revisions"}],"predecessor-version":[{"id":95,"href":"https:\/\/zofiazamenhof.pl\/index.php?rest_route=\/wp\/v2\/pages\/44\/revisions\/95"}],"wp:attachment":[{"href":"https:\/\/zofiazamenhof.pl\/index.php?rest_route=%2Fwp%2Fv2%2Fmedia&parent=44"}],"curies":[{"name":"wp","href":"https:\/\/api.w.org\/{rel}","templated":true}]}}