{"id":410,"date":"2022-06-27T09:47:32","date_gmt":"2022-06-27T07:47:32","guid":{"rendered":"https:\/\/zofiazamenhof.pl\/?page_id=410"},"modified":"2024-03-25T17:56:27","modified_gmt":"2024-03-25T15:56:27","slug":"projekt-z-nbp","status":"publish","type":"page","link":"https:\/\/zofiazamenhof.pl\/?page_id=410","title":{"rendered":"Projekt z NBP"},"content":{"rendered":"<p><\/p>\n<h3><strong>Projekt realizowany z Narodowym Bankiem Polskim w ramach programu edukacji ekonomicznej<\/strong><\/h3>\n<p>&nbsp;<\/p>\n<div><img loading=\"lazy\" decoding=\"async\" class=\"alignnone wp-image-393\" src=\"https:\/\/zofiazamenhof.pl\/wp-content\/uploads\/2022\/03\/Znak_NBP_projekt_realizowany_PION-300x124.jpg\" alt=\"\" width=\"443\" height=\"183\" srcset=\"https:\/\/zofiazamenhof.pl\/wp-content\/uploads\/2022\/03\/Znak_NBP_projekt_realizowany_PION-300x124.jpg 300w, https:\/\/zofiazamenhof.pl\/wp-content\/uploads\/2022\/03\/Znak_NBP_projekt_realizowany_PION-1024x422.jpg 1024w, https:\/\/zofiazamenhof.pl\/wp-content\/uploads\/2022\/03\/Znak_NBP_projekt_realizowany_PION-768x317.jpg 768w, https:\/\/zofiazamenhof.pl\/wp-content\/uploads\/2022\/03\/Znak_NBP_projekt_realizowany_PION.jpg 1200w\" sizes=\"auto, (max-width: 443px) 100vw, 443px\" \/><\/div>\n<div class=\"page\" title=\"Page 4\">\n<div class=\"section\">\n<div class=\"layoutArea\">\n<div class=\"column\">\n<p>&nbsp;<\/p>\n<p><strong><span class=\"font\"><span class=\"size\">Tytu\u0142 projektu &#8211; Zarz\u0105dzanie portfelem rodzinnym i osobistym &#8211; pu\u0142apki i zagro\u017cenia<\/span><\/span><\/strong><\/p>\n<\/div>\n<p><img loading=\"lazy\" decoding=\"async\" class=\"alignnone wp-image-416\" src=\"https:\/\/zofiazamenhof.pl\/wp-content\/uploads\/2022\/06\/Projekt-z-NBP-2-281x300.jpg\" alt=\"\" width=\"450\" height=\"480\" srcset=\"https:\/\/zofiazamenhof.pl\/wp-content\/uploads\/2022\/06\/Projekt-z-NBP-2-281x300.jpg 281w, https:\/\/zofiazamenhof.pl\/wp-content\/uploads\/2022\/06\/Projekt-z-NBP-2-959x1024.jpg 959w, https:\/\/zofiazamenhof.pl\/wp-content\/uploads\/2022\/06\/Projekt-z-NBP-2-768x820.jpg 768w, https:\/\/zofiazamenhof.pl\/wp-content\/uploads\/2022\/06\/Projekt-z-NBP-2-1438x1536.jpg 1438w, https:\/\/zofiazamenhof.pl\/wp-content\/uploads\/2022\/06\/Projekt-z-NBP-2.jpg 1807w\" sizes=\"auto, (max-width: 450px) 100vw, 450px\" \/><\/p>\n<div class=\"column\">\n<p><em><span class=\"font\"><span class=\"size\">Geneza projektu<\/span><\/span><\/em><\/p>\n<p><span class=\"font\"><span class=\"size\">W \u017cadnej szkole \u015bredniej, ani w szkole zawodowej nie ma zaj\u0119\u0107 z ekonomii oraz praktycznego radzenia sobie ze sprawami finansowymi, podobnie jest na wi\u0119kszo\u015bci kierunk\u00f3w studi\u00f3w. Jedynym wyj\u0105tkiem s\u0105 szko\u0142y oraz kierunki ekonomiczne. Mamy tutaj na my\u015bli przede wszystkim praktyczn\u0105 znajomo\u015b\u0107 ekonomii, czyli wymiar codzienny. Nie ucz\u0105 nas w szko\u0142ach i na uczelniach jak uchroni\u0107 si\u0119 przed oszustami finansowymi oraz jak radzi\u0107 sobie w skomplikowanym systemie um\u00f3w i ofert finansowych. Poprzez nasze szkolenie chcemy uzupe\u0142ni\u0107 te braki i zwi\u0119kszy\u0107 \u015bwiadomo\u015b\u0107 ludzi w zakresie zarz\u0105dzania w\u0142asnym bud\u017cetem.<\/span><\/span><\/p>\n<div>\n<figure id=\"attachment_391\" aria-describedby=\"caption-attachment-391\" style=\"width: 447px\" class=\"wp-caption alignnone\"><img loading=\"lazy\" decoding=\"async\" class=\" wp-image-391\" src=\"https:\/\/zofiazamenhof.pl\/wp-content\/uploads\/2022\/03\/MAL-1-15.021-300x225.jpg\" alt=\"\" width=\"447\" height=\"335\" \/><figcaption id=\"caption-attachment-391\" class=\"wp-caption-text\">Szkolenie Projekt NBP &#8211; Zarz\u0105dzanie portfelem rodzinnym i osobistym &#8211; pu\u0142apki i zagro\u017cenia<\/figcaption><\/figure>\n<\/div>\n<\/div>\n<\/div>\n<\/div>\n<\/div>\n<p class=\"Tre2\"><span class=\"highlight\"><span class=\"colour\"><em><span class=\"font\"><span class=\"size\">Co chcemy osi\u0105gn\u0105\u0107 realizuj\u0105c projekt<\/span><\/span><\/em><\/span><\/span><\/p>\n<p class=\"Tre2\"><span class=\"font\"><span class=\"size\">Celem g\u0142\u00f3wnym naszego projektu jest wzrost kompetencji w zarz\u0105dzaniu finansami osobistymi oraz w kszta\u0142towaniu zr\u00f3wnowa\u017conego i sp\u00f3jnego bud\u017cetu domowego lub osobistego. W ramach naszego szkolenia opracowanych zosta\u0142o osiem modu\u0142\u00f3w tematycznych, poruszaj\u0105cych zagadnienia mi\u0119dzy innymi form prowadzenia dzia\u0142alno\u015bci gospodarczej w Polsce, wychodzenia ze spirali d\u0142ugu czy warsztaty z zakresu rozumienia um\u00f3w cywilno-prawnych. <\/span><\/span><\/p>\n<p class=\"Tre2\">Zaj\u0119cia prowadzone s\u0105 na terenie wojew\u00f3dztwa mazowieckiego. Szczeg\u00f3\u0142owe informacje mo\u017cna uzyska\u0107 pisz\u0105c na adres: <a href=\"mailto:biuro@zofiazamenhof.pl\">biuro@zofiazamenhof.pl<\/a><\/p>\n<h4><strong>Modu\u0142y szkoleniowe 1 &#8211; 8<\/strong><\/h4>\n<p><a href=\"https:\/\/zofiazamenhof.pl\/wp-content\/uploads\/2022\/06\/Modul-1-Edukacja-Finansowa.pdf\">Modu\u0142 1 Edukacja Finansowa<\/a><\/p>\n<p><a href=\"https:\/\/zofiazamenhof.pl\/wp-content\/uploads\/2022\/06\/Modul-2-Jak-budowac-budzet-domowy.pdf\">Modu\u0142 2 Jak budowa\u0107 bud\u017cet domowy<\/a><\/p>\n<p><a href=\"https:\/\/zofiazamenhof.pl\/wp-content\/uploads\/2022\/06\/Modul-3-Unikanie-Dlugow.pptx\">Modu\u0142 3 Unikanie D\u0142ug\u00f3w<\/a><\/p>\n<p><a href=\"https:\/\/zofiazamenhof.pl\/wp-content\/uploads\/2022\/06\/Modul-4-Uwolnienie-Dlugi.pptx\">Modu\u0142 4 Jak si\u0119 uwolni\u0107 od d\u0142ugu<\/a><\/p>\n<p><a href=\"https:\/\/zofiazamenhof.pl\/wp-content\/uploads\/2022\/06\/Modul-5-Umowy-Bankowe.pptx\">Modu\u0142 5 Umowy Bankowe<\/a><\/p>\n<p><a href=\"https:\/\/zofiazamenhof.pl\/wp-content\/uploads\/2022\/06\/Modul-6-Parabanki.pptx\">Modu\u0142 6 Parabanki<\/a><\/p>\n<p><a href=\"https:\/\/zofiazamenhof.pl\/wp-content\/uploads\/2022\/06\/Modul-7-Instytucje-Finansowe.pptx\">Modu\u0142 7 Instytucje Finansowe<\/a><\/p>\n<p><a href=\"https:\/\/zofiazamenhof.pl\/wp-content\/uploads\/2022\/06\/Modul-8-Formy-prowadzenia-dzialalnosci-w-Polsce.pdf\">Modu\u0142 8 Formy prowadzenia dzia\u0142alno\u015bci w Polsce<\/a><\/p>\n<p>&nbsp;<\/p>\n<p>Zaj\u0119cia prowadzone by\u0142y przez ekspert\u00f3w naszej Fundacji w ramach programu edukacyjnego NBP w: Dzielnicy W\u0142ochy-Warszawa, w Drobinie oraz w \u0141\u0119gu Probostwo, a tak\u017ce w Miros\u0142awiu ko\u0142o P\u0142ocka. Wszystkie wymienione miejscowo\u015bci i miasta s\u0105 na Mazowszu.<\/p>\n<p>Jak pokaza\u0142y zaj\u0119cia w ramach programu edukacyjnego NBP temat bud\u017cetu i finans\u00f3w czyli &#8222;Zarz\u0105dzanie portfelem rodzinnym i osobistym&#8221; jest ciekawy praktycznie dla ka\u017cdej grupy wiekowej. Opr\u00f3cz szkolenia odbywa\u0142y si\u0119 r\u00f3wnie\u017c konsultacje, kt\u00f3re cieszy\u0142y si\u0119 du\u017c\u0105 popularno\u015bci\u0105.<\/p>\n<figure id=\"attachment_414\" aria-describedby=\"caption-attachment-414\" style=\"width: 446px\" class=\"wp-caption alignnone\"><img loading=\"lazy\" decoding=\"async\" class=\"wp-image-414\" src=\"https:\/\/zofiazamenhof.pl\/wp-content\/uploads\/2022\/06\/Projekt-z-NBP-4-300x225.jpg\" alt=\"\" width=\"446\" height=\"335\" srcset=\"https:\/\/zofiazamenhof.pl\/wp-content\/uploads\/2022\/06\/Projekt-z-NBP-4-300x225.jpg 300w, https:\/\/zofiazamenhof.pl\/wp-content\/uploads\/2022\/06\/Projekt-z-NBP-4-1024x768.jpg 1024w, https:\/\/zofiazamenhof.pl\/wp-content\/uploads\/2022\/06\/Projekt-z-NBP-4-768x576.jpg 768w, https:\/\/zofiazamenhof.pl\/wp-content\/uploads\/2022\/06\/Projekt-z-NBP-4-1536x1152.jpg 1536w, https:\/\/zofiazamenhof.pl\/wp-content\/uploads\/2022\/06\/Projekt-z-NBP-4.jpg 2048w\" sizes=\"auto, (max-width: 446px) 100vw, 446px\" \/><figcaption id=\"caption-attachment-414\" class=\"wp-caption-text\">mgr Franciszek Wr\u00f3bel &#8211; Szkolenie Projekt NBP<\/figcaption><\/figure>\n<figure id=\"attachment_417\" aria-describedby=\"caption-attachment-417\" style=\"width: 446px\" class=\"wp-caption alignnone\"><img loading=\"lazy\" decoding=\"async\" class=\"wp-image-417\" src=\"https:\/\/zofiazamenhof.pl\/wp-content\/uploads\/2022\/06\/Projekt-z-NBP-3-300x295.jpg\" alt=\"\" width=\"446\" height=\"439\" srcset=\"https:\/\/zofiazamenhof.pl\/wp-content\/uploads\/2022\/06\/Projekt-z-NBP-3-300x295.jpg 300w, https:\/\/zofiazamenhof.pl\/wp-content\/uploads\/2022\/06\/Projekt-z-NBP-3-1024x1009.jpg 1024w, https:\/\/zofiazamenhof.pl\/wp-content\/uploads\/2022\/06\/Projekt-z-NBP-3-768x756.jpg 768w, https:\/\/zofiazamenhof.pl\/wp-content\/uploads\/2022\/06\/Projekt-z-NBP-3-1536x1513.jpg 1536w, https:\/\/zofiazamenhof.pl\/wp-content\/uploads\/2022\/06\/Projekt-z-NBP-3.jpg 2048w\" sizes=\"auto, (max-width: 446px) 100vw, 446px\" \/><figcaption id=\"caption-attachment-417\" class=\"wp-caption-text\">dr Wojciech Duranowski &#8211; Szkolenie Projekt NBP<\/figcaption><\/figure>\n<p><strong>Informacje o zaj\u0119ciach by\u0142y umieszczane na profilu Fundacji na Facebook oraz Twitter<\/strong><\/p>","protected":false},"excerpt":{"rendered":"<p>Projekt realizowany z Narodowym Bankiem Polskim w ramach programu edukacji ekonomicznej &nbsp; &nbsp; Tytu\u0142 projektu &#8211; Zarz\u0105dzanie portfelem rodzinnym i osobistym &#8211; pu\u0142apki i zagro\u017cenia Geneza projektu W \u017cadnej szkole \u015bredniej, ani w szkole zawodowej nie ma zaj\u0119\u0107 z ekonomii oraz praktycznego radzenia sobie ze sprawami finansowymi, podobnie jest na wi\u0119kszo\u015bci kierunk\u00f3w studi\u00f3w. Jedynym wyj\u0105tkiem &hellip; <a href=\"https:\/\/zofiazamenhof.pl\/?page_id=410\" class=\"more-link\">Czytaj dalej <span class=\"screen-reader-text\">Projekt z NBP<\/span> <span class=\"meta-nav\">&rarr;<\/span><\/a><\/p>\n","protected":false},"author":1,"featured_media":0,"parent":0,"menu_order":0,"comment_status":"closed","ping_status":"closed","template":"","meta":{"footnotes":""},"class_list":["post-410","page","type-page","status-publish","hentry"],"_links":{"self":[{"href":"https:\/\/zofiazamenhof.pl\/index.php?rest_route=\/wp\/v2\/pages\/410","targetHints":{"allow":["GET"]}}],"collection":[{"href":"https:\/\/zofiazamenhof.pl\/index.php?rest_route=\/wp\/v2\/pages"}],"about":[{"href":"https:\/\/zofiazamenhof.pl\/index.php?rest_route=\/wp\/v2\/types\/page"}],"author":[{"embeddable":true,"href":"https:\/\/zofiazamenhof.pl\/index.php?rest_route=\/wp\/v2\/users\/1"}],"replies":[{"embeddable":true,"href":"https:\/\/zofiazamenhof.pl\/index.php?rest_route=%2Fwp%2Fv2%2Fcomments&post=410"}],"version-history":[{"count":11,"href":"https:\/\/zofiazamenhof.pl\/index.php?rest_route=\/wp\/v2\/pages\/410\/revisions"}],"predecessor-version":[{"id":716,"href":"https:\/\/zofiazamenhof.pl\/index.php?rest_route=\/wp\/v2\/pages\/410\/revisions\/716"}],"wp:attachment":[{"href":"https:\/\/zofiazamenhof.pl\/index.php?rest_route=%2Fwp%2Fv2%2Fmedia&parent=410"}],"curies":[{"name":"wp","href":"https:\/\/api.w.org\/{rel}","templated":true}]}}